{"id":12,"date":"2017-06-26T17:29:04","date_gmt":"2017-06-26T15:29:04","guid":{"rendered":"http:\/\/amisdumuseeetfondsmedard.com\/?page_id=12"},"modified":"2025-05-07T20:38:55","modified_gmt":"2025-05-07T18:38:55","slug":"evenements","status":"publish","type":"page","link":"https:\/\/amisdumuseeetfondsmedard.com\/index.php\/evenements\/","title":{"rendered":"\u00c9V\u00c9NEMENTS"},"content":{"rendered":"<p>Retrouvez l&rsquo;ensemble des \u00e9v\u00e9nements de l&rsquo;association dans cette rubrique ainsi que le calendrier sorties.<\/p>\n<p><em><strong><span style=\"color: #0000ff;\">Programme des sorties et activit\u00e9s 2025 :\u00a0<\/span> <\/strong><\/em><\/p>\n<p>\ud83e\udeb7\u00a0<em>Exposition<\/em>\u00a0<strong>\u00ab Le Langage des Fleurs \u00bb du 4 avril au 21 septembre 2025 au Mus\u00e9e M\u00e9dard<\/strong><\/p>\n<p><strong>\ud83e\udeb7 \u00ab MONET s\u2019invite \u00e0 Lunel \u00bb\u00a0<\/strong><em>avec le tableau<\/em><strong>\u00a0\u00ab Le jardin de l\u2019artiste \u00e0 Giverny \u00bb<\/strong>\u00a0<strong>du 4 avril au 12 juillet 2025<\/strong><\/p>\n<p><strong>\ud83e\udeb7\u00a0<\/strong><em>Exposition de notre association\u00a0<\/em><strong><em>\u00ab\u00a0Reliures enchant\u00e9es : l\u2019imaginaire v\u00e9g\u00e9tal\u00a0\u00bb du 14 mai au 21 septembre 2025<\/em><\/strong><\/p>\n<p><strong><em>6eme Prix international de Reliure d\u2019Art des Amis du mus\u00e9e et du fonds M\u00e9dard\u00a0\u00a0<\/em><\/strong><\/p>\n<p><strong>\u25b6\ufe0f<em>\u00a0Le\u00a0<\/em><\/strong><strong>mercredi 14 mai \u00e0 19h<\/strong><strong>,<\/strong><em>\u00a0vernissage de l\u2019exposition de notre association\u00a0<\/em><strong><em>\u00ab\u00a0Reliures enchant\u00e9es : l\u2019imaginaire v\u00e9g\u00e9tal\u00a0\u00bb\u00a0<\/em><\/strong><em>au rez de chauss\u00e9e du<\/em><strong><em>\u00a0Mus\u00e9e M\u00e9dard.<\/em><\/strong><\/p>\n<p><strong><em>Cette exposition repr\u00e9sente plus d\u2019une ann\u00e9e de travail et nous fait connaitre aupr\u00e8s d\u2019un large public en France et \u00e0 l\u2019\u00e9tranger.<\/em><\/strong><\/p>\n<p><strong>\u25b6\ufe0f\u00a0<em>Le\u00a0<\/em><\/strong><strong>mercredi 21 mai \u00e0 18h<\/strong><em>\u00a0\u00e0 la<\/em><strong><em>\u00a0salle conf\u00e9rence du mus\u00e9e\u00a0<\/em><\/strong><em>(3eme \u00e9tage)<\/em><strong><em>, Conf\u00e9rence\u00a0<\/em><\/strong><em>du Pr\u00e9sident du Jury<\/em><em>\u00a0de notre Prix,<\/em><strong><em>\u00a0Robert Lobet :\u00a0<\/em><\/strong><strong><em>\u00a0\u00bb\u00a0Le Livre d\u2019artiste au bout du voyage\u00a0\u00bb<\/em><\/strong><\/p>\n<p><em>Entr\u00e9e gratuite sur r\u00e9servation obligatoire aupr\u00e8s du mus\u00e9e 04 67 87 84 85 aux heures d\u2019ouverture (ferm\u00e9 le dimanche, lundi et mardi)<\/em><\/p>\n<p><strong>\u25b6\ufe0f<em>\u00a0Le\u00a0<\/em><\/strong><strong>mercredi 2 juillet \u00e0 10h30<\/strong><strong><em> visite guid\u00e9e priv\u00e9e des 2 expositions pour notre association : <\/em><\/strong><strong><em>\u00ab\u00a0Le Langage des fleurs\u00a0\u00bb et \u00ab\u00a0Reliures enchant\u00e9es : l\u2019imaginaire v\u00e9g\u00e9tal\u00a0\u00bb<\/em><\/strong><\/p>\n<p><strong>\u25b6\ufe0f\u00a0<em>Les\u00a0<\/em><\/strong><strong>31 mai \u2013 14 juin \u2013 28 juin \u2013 5 juillet \u2013 12 juillet\u00a0 \u00e0 16h<\/strong><strong>\u00a0<em>\u00a0\u00a0<\/em><\/strong><strong><em>\u27a1<\/em><\/strong><strong><em>\u00a0\u00a0 visites \u00ab\u00a0flash\u00a0\u00bb\u00a0<\/em><\/strong><em>(entre 20 et 30 mn pour chaque expo) ouvertes \u00e0 tous.\u00a0<\/em><em>RDV dans le hall du mus\u00e9e 1\/4 d\u2019heure avant le d\u00e9but de la visite.<\/em><\/p>\n<p><strong>\u25b6\ufe0f\u00a0<em>Le\u00a0<\/em><\/strong><strong>dimanche 7 septembre 2025<\/strong><strong><em>\u00a0Journ\u00e9e des Associations\u00a0<\/em><\/strong><em>dans le Parc Hugo de 9h \u00e0 14h. Nous esp\u00e9rons vous y retrouver nombreux autour de ce th\u00e8me des fleurs,\u00a0<\/em><em>jardins et de la nature.<\/em><\/p>\n<p><strong>\u25b6\ufe0f<\/strong><em>\u00a0En<\/em><strong>\u00a0septembre\u00a0<\/strong><em>nous reprendrons les<\/em><strong><em>\u00a0visites guid\u00e9es des expositions\u00a0<\/em><\/strong><em>concernant les mus\u00e9es notamment sur N\u00eemes<\/em><strong><em>\u00a0\u00ab\u00a0Lucas Arruda et Ivens Machado\u00a0\u00bb au Carr\u00e9 d\u2019Art\u00a0<\/em><\/strong><em>et sur<\/em><strong><em>\u00a0Arles \u00e0 la Fondation Van Gogh \u00a0\u00bb Sigmar Polke, sous les pav\u00e9s, la terre\u00a0\u00bb<\/em><\/strong><\/p>\n<p><span style=\"color: #0000ff;\"><em><strong>Programme des sorties et activit\u00e9s 2024 :\u00a0<\/strong><\/em><\/span><\/p>\n<ul>\n<li><strong>Samedi 6 avril :\u00a0<\/strong><a href=\"https:\/\/amisdumuseeetfondsmedard.com\/index.php\/2024\/03\/26\/samedi-6-avril-2024-visite-guidee-de-latelier-dalex-hackett\/\" target=\"_blank\" rel=\"noopener\">visite de l\u2019atelier d\u2019<strong>Alex Hackett<\/strong>\u00a0\u00e0 Castries<\/a>.<\/li>\n<li><strong>Samedi 27 Avril :\u00a0<\/strong>sortie \u00e0\u00a0<strong>Arles<\/strong>\u00a0avec la\u00a0<strong>visite du mus\u00e9e Arlaten<\/strong>\u00a0;\u00a0<strong>visite comment\u00e9e de l\u2019exposition de l\u2019association Reneiss\u00e8n\u00e7o<\/strong>\u00a0\u00e0 la chapelle Saint Anne et si possible de l\u2019atelier de couture du costume Arl\u00e9sien de la reine d\u2019Arles 2023\/2024. D\u00e9jeuner libre.<\/li>\n<li>En\u00a0<strong>Mai<\/strong>\u00a0<strong>visite guid\u00e9e de Glanum<\/strong>, site Romain \u00e0\u00a0<strong>Saint R\u00e9my de Provence<\/strong>\u00a0et d\u2019un\u00a0<strong>circuit<\/strong>\u00a0organis\u00e9 par\u00a0<strong>M. Chalen\u00e7on<\/strong>, guide b\u00e9n\u00e9vole qui nous avait fait d\u00e9couvrir en 2022, l\u2019histoire de cette ville.<\/li>\n<li>En\u00a0<strong>septembre et octobre<\/strong>\u00a0nous organiserons un\u00a0<strong>p\u00e9riple sur les traces de Jean Hugo<\/strong>, avec les expositions suivantes\u00a0:\n<ul>\n<li><strong>Mus\u00e9e M\u00e9dard, \u00ab En toute intimit\u00e9\u00a0: Jean Hugo \u00e0 Lunel<\/strong>\u00a0\u00bb<\/li>\n<li><strong>Mus\u00e9e Fabre de Montpellier \u00ab\u00a0Les Mondes de Jean Hugo<\/strong>\u00a0\u00bb<\/li>\n<li><strong>Mus\u00e9e Paul Val\u00e9ry de S\u00e8te \u00ab La nature selon Jean Hugo<\/strong>\u00a0\u00bb<\/li>\n<\/ul>\n<\/li>\n<li><strong>Second semestre :<\/strong>\n<ul>\n<li><strong>Atelier de calligraphie<\/strong>\u00a0\u00e0 destination des adh\u00e9rents par Sylvie MARC qui a par ailleurs d\u00e9j\u00e0 particip\u00e9 \u00e0 un prix de reliure il y a quelques ann\u00e9es.<\/li>\n<li>Programmation d\u2019un\u00a0<strong>film sur l\u2019histoire du ruban d\u2019Arl\u00e9sienne<\/strong>\u00a0et d\u2019organiser une\u00a0<strong>conf\u00e9rence<\/strong>\u00a0dans le mus\u00e9e M\u00e9dard.<\/li>\n<\/ul>\n<\/li>\n<\/ul>\n<p><em>La programmation est en cours et sera communiqu\u00e9e au fur et \u00e0 mesure \u00e0 l\u2019ensemble des adh\u00e9rents<\/em><\/p>\n<p><em>Inscription obligatoire aupr\u00e8s de la pr\u00e9sidente (mcy.rosello@wanadoo.fr ou 06 67 07 92 38)<\/em><\/p>\n<p><span style=\"color: #0000ff;\"><b><i>Calendrier des sorties 2023 :<\/i><\/b><\/span><\/p>\n<ul>\n<li><strong><em>08 septembre \u00e0 14h &#8211; Visite guid\u00e9e de l&rsquo;exposition Germaine RICHIER <\/em><\/strong><strong style=\"font-size: revert; color: initial;\"><em>au <\/em><\/strong><strong style=\"font-size: revert; color: initial;\"><em>mus\u00e9e Fabre de Montpellier. Inscription obligatoire par mail ou t\u00e9l\u00e9phone avant le 04\/09.<\/em><\/strong><\/li>\n<li><strong><em><strong style=\"font-size: revert; color: initial;\">11, 12 et 13 octobre &#8211; <\/strong>Voyage au mus\u00e9e Soulages de Rodez : les personnes int\u00e9ress\u00e9es sont pri\u00e9es de se faire connaitre <\/em><\/strong><strong style=\"font-size: revert; color: initial;\"><em>le plus rapidement possible. Les dates retenues avec le mus\u00e9e sont 11, 12 et 13 octobre 2023.<\/em><\/strong><\/li>\n<li><strong><em>Vendredi 20 octobre \u00e0 19h<\/em><em> &#8211; Vernissage de l&rsquo;exposition du mus\u00e9e M\u00e9dard \u00ab\u00a0Promenons nous dans les bois\u00a0\u00bb<\/em><\/strong><\/li>\n<li><strong><em>Samedi 21 octobre \u00e0 16h<\/em><\/strong><em>\u00a0 <strong>&#8211; Au Pont de Vesse, d\u00e9voilement de la plaque comm\u00e9morative en m\u00e9moire au pasteur Pierre-Charles Toureille, Juste parmi les nations suivi du vernissage espace castel de l&rsquo;exposition \u00ab\u00a0Jacob Barosin, un peintre en exil\u00a0\u00bb et d&rsquo;une conf\u00e9rence \u00ab\u00a0Lunel une petite J\u00e9rusalem\u00a0\u00bb par Micha\u00eal Iancu<\/strong><\/em><\/li>\n<li><strong><em>Mardi 31 octobre \u00e0 11h<\/em><em> &#8211; Visite guid\u00e9e du site de Glanum \u00e0 St R\u00e9my de Provence, d\u00e9jeuner libre et visite avec Monsieur Charan\u00e7on du St R\u00e9my insolite. D\u00e9part de la caserne Vauban pour un co-voiturage \u00e0 8h30. Inscription obligatoire.<\/em><\/strong><\/li>\n<li><strong><em>Jeudi 9 novembre \u00e0 11h<\/em><\/strong><em>\u00a0 <strong>&#8211; Visite guid\u00e9e du mus\u00e9e Arlaten d&rsquo;Arles, d\u00e9jeuner libre suivi de la visite de l&rsquo;atelier de la Reine d&rsquo;Arles et explication de la confection du costume arl\u00e9sien. D\u00e9part de la caserne Vauban \u00e0 9h pour le co-voiturage. Inscription obligatoire.<\/strong><\/em><\/li>\n<li><em><strong>Samedi 9 d\u00e9cembre \u00e0 14h &#8211; Visite priv\u00e9e guid\u00e9e pour les adh\u00e9rents de l&rsquo;association \u00ab\u00a0Amis du mus\u00e9e et du fonds M\u00e9dard\u00a0\u00bb de la nouvelle <\/strong><\/em><em><strong>exposition \u00a0\u00bb Promenons nous dans les bois&#8230;au fil des contes\u00a0\u00bb<\/strong><\/em><strong>. <em>RDV dans le hall du mus\u00e9e \u00e0 14h pr\u00e9cise<\/em>. <em>Entr\u00e9e<\/em> <\/strong><strong><em>gratuite<\/em><\/strong><\/li>\n<\/ul>\n<p><strong><em>Les visites 2024 sont en cours de pr\u00e9paration. Nous ne manquerons pas de vous tenir inform\u00e9s au fur et \u00e0 mesure des <\/em><\/strong><strong><em>sorties.<\/em><\/strong><\/p>\n<p><strong><em>A bient\u00f4t, au plaisir de vous retrouver lors de nos prochains rendez vous,<\/em><\/strong><\/p>\n<p><strong><em>Le Bureau<\/em><\/strong><\/p>\n","protected":false},"excerpt":{"rendered":"<p>Retrouvez l&rsquo;ensemble des \u00e9v\u00e9nements de l&rsquo;association dans cette rubrique ainsi que le calendrier sorties. Programme des sorties et activit\u00e9s 2025 :\u00a0 \ud83e\udeb7\u00a0Exposition\u00a0\u00ab Le Langage des Fleurs \u00bb du 4 avril au 21 septembre 2025 au Mus\u00e9e M\u00e9dard \ud83e\udeb7 \u00ab MONET s\u2019invite \u00e0 Lunel \u00bb\u00a0avec le tableau\u00a0\u00ab Le jardin de l\u2019artiste \u00e0 Giverny \u00bb\u00a0du 4 avril [&hellip;]<\/p>\n","protected":false},"author":1,"featured_media":0,"parent":0,"menu_order":0,"comment_status":"closed","ping_status":"closed","template":"page-15zine-builder.php","meta":{"footnotes":""},"class_list":["post-12","page","type-page","status-publish","hentry"],"_links":{"self":[{"href":"https:\/\/amisdumuseeetfondsmedard.com\/index.php\/wp-json\/wp\/v2\/pages\/12","targetHints":{"allow":["GET"]}}],"collection":[{"href":"https:\/\/amisdumuseeetfondsmedard.com\/index.php\/wp-json\/wp\/v2\/pages"}],"about":[{"href":"https:\/\/amisdumuseeetfondsmedard.com\/index.php\/wp-json\/wp\/v2\/types\/page"}],"author":[{"embeddable":true,"href":"https:\/\/amisdumuseeetfondsmedard.com\/index.php\/wp-json\/wp\/v2\/users\/1"}],"replies":[{"embeddable":true,"href":"https:\/\/amisdumuseeetfondsmedard.com\/index.php\/wp-json\/wp\/v2\/comments?post=12"}],"version-history":[{"count":15,"href":"https:\/\/amisdumuseeetfondsmedard.com\/index.php\/wp-json\/wp\/v2\/pages\/12\/revisions"}],"predecessor-version":[{"id":1175,"href":"https:\/\/amisdumuseeetfondsmedard.com\/index.php\/wp-json\/wp\/v2\/pages\/12\/revisions\/1175"}],"wp:attachment":[{"href":"https:\/\/amisdumuseeetfondsmedard.com\/index.php\/wp-json\/wp\/v2\/media?parent=12"}],"curies":[{"name":"wp","href":"https:\/\/api.w.org\/{rel}","templated":true}]}}