{"id":153,"date":"2017-07-07T17:08:56","date_gmt":"2017-07-07T15:08:56","guid":{"rendered":"http:\/\/amisdumuseeetfondsmedard.com\/?page_id=153"},"modified":"2018-09-24T18:17:47","modified_gmt":"2018-09-24T16:17:47","slug":"adherer-a-lassociation","status":"publish","type":"page","link":"https:\/\/amisdumuseeetfondsmedard.com\/index.php\/adherer-a-lassociation\/","title":{"rendered":"Adh\u00e9rer \u00e0 l&rsquo;association"},"content":{"rendered":"<h2 style=\"text-align: justify;\"><span style=\"font-size: 12pt;\">Si vous souhaitez adh\u00e9rer \u00e0 l&rsquo;association des Amis du Mus\u00e9e et du Fonds M\u00e9dard, vous pouvez t\u00e9l\u00e9charger le bulletin d&rsquo;adh\u00e9sion en cliquant sur le lien ci-dessous :<\/span><\/h2>\n<p><span style=\"font-size: 14pt;\"><a href=\"https:\/\/amisdumuseeetfondsmedard.com\/wp-content\/uploads\/2017\/07\/FM-BULLETIN-DADHESION-par-mail.pdf\"><strong>BULLETIN D&rsquo;ADHESION<\/strong><\/a><\/span><\/p>\n","protected":false},"excerpt":{"rendered":"<p>Si vous souhaitez adh\u00e9rer \u00e0 l&rsquo;association des Amis du Mus\u00e9e et du Fonds M\u00e9dard, vous pouvez t\u00e9l\u00e9charger le bulletin d&rsquo;adh\u00e9sion en cliquant sur le lien ci-dessous : BULLETIN D&rsquo;ADHESION<\/p>\n","protected":false},"author":1,"featured_media":156,"parent":0,"menu_order":0,"comment_status":"closed","ping_status":"closed","template":"","meta":{"footnotes":""},"class_list":["post-153","page","type-page","status-publish","has-post-thumbnail","hentry"],"_links":{"self":[{"href":"https:\/\/amisdumuseeetfondsmedard.com\/index.php\/wp-json\/wp\/v2\/pages\/153","targetHints":{"allow":["GET"]}}],"collection":[{"href":"https:\/\/amisdumuseeetfondsmedard.com\/index.php\/wp-json\/wp\/v2\/pages"}],"about":[{"href":"https:\/\/amisdumuseeetfondsmedard.com\/index.php\/wp-json\/wp\/v2\/types\/page"}],"author":[{"embeddable":true,"href":"https:\/\/amisdumuseeetfondsmedard.com\/index.php\/wp-json\/wp\/v2\/users\/1"}],"replies":[{"embeddable":true,"href":"https:\/\/amisdumuseeetfondsmedard.com\/index.php\/wp-json\/wp\/v2\/comments?post=153"}],"version-history":[{"count":20,"href":"https:\/\/amisdumuseeetfondsmedard.com\/index.php\/wp-json\/wp\/v2\/pages\/153\/revisions"}],"predecessor-version":[{"id":618,"href":"https:\/\/amisdumuseeetfondsmedard.com\/index.php\/wp-json\/wp\/v2\/pages\/153\/revisions\/618"}],"wp:featuredmedia":[{"embeddable":true,"href":"https:\/\/amisdumuseeetfondsmedard.com\/index.php\/wp-json\/wp\/v2\/media\/156"}],"wp:attachment":[{"href":"https:\/\/amisdumuseeetfondsmedard.com\/index.php\/wp-json\/wp\/v2\/media?parent=153"}],"curies":[{"name":"wp","href":"https:\/\/api.w.org\/{rel}","templated":true}]}}