{"id":16,"date":"2017-06-26T17:29:43","date_gmt":"2017-06-26T15:29:43","guid":{"rendered":"http:\/\/amisdumuseeetfondsmedard.com\/?page_id=16"},"modified":"2018-09-23T15:03:51","modified_gmt":"2018-09-23T13:03:51","slug":"partenaires","status":"publish","type":"page","link":"https:\/\/amisdumuseeetfondsmedard.com\/index.php\/partenaires\/","title":{"rendered":"Partenaires"},"content":{"rendered":"<h2 class=\"p2\" style=\"text-align: justify;\"><span style=\"font-size: 14pt;\">Dans un esprit de partage des connaissances et d&rsquo;enrichissement mutuel, les amis du Mus\u00e9e et du Fonds M\u00e9dard collaborent avec de nombreux partenaires.<\/span><\/h2>\n<hr \/>\n<p class=\"p1\"><span style=\"font-size: 14pt;\"><em><b>Liste des Associations partenaires<\/b><\/em><\/span><\/p>\n<hr \/>\n<p><strong><a href=\"http:\/\/www.museemedard.fr\/\">Mus\u00e9e M\u00e9dard<\/a><\/strong><\/p>\n<p><a href=\"http:\/\/www.lunel.com\/\"><strong>Ville de Lunel<\/strong><\/a><\/p>\n<p class=\"p2\"><span style=\"color: #993300;\"><strong><a href=\"http:\/\/www.amf-asso.com\/\">Les amis du mus\u00e9e Fabre<\/a><\/strong><\/span><\/p>\n<p class=\"p2\"><span style=\"color: #993300;\"><strong><a href=\"http:\/\/arabelgica.be\/fr\/node\/251\">ARA France et ARA Belgique<\/a><\/strong><\/span><\/p>\n<p class=\"p2\" style=\"text-align: justify;\">Nous communiquons \u00e9galement avec les revues <strong><span style=\"color: #993300;\"><a href=\"http:\/\/www.art-metiers-du-livre.com\/\">Arts et M\u00e9tiers du Livre<\/a> <\/span><\/strong>et la<strong> <a href=\"http:\/\/www.gazette-drouot.com\/\">Gazette Drouot<\/a><\/strong>, qui contribuent \u00e0 la renomm\u00e9e de Fonds M\u00e9dard en publiant des articles nous concernant ou que nous leur communiquons.<\/p>\n","protected":false},"excerpt":{"rendered":"<p>Dans un esprit de partage des connaissances et d&rsquo;enrichissement mutuel, les amis du Mus\u00e9e et du Fonds M\u00e9dard collaborent avec de nombreux partenaires. Liste des Associations partenaires Mus\u00e9e M\u00e9dard Ville de Lunel Les amis du mus\u00e9e Fabre ARA France et ARA Belgique Nous communiquons \u00e9galement avec les revues Arts et M\u00e9tiers du Livre et la [&hellip;]<\/p>\n","protected":false},"author":1,"featured_media":0,"parent":0,"menu_order":0,"comment_status":"closed","ping_status":"closed","template":"","meta":{"footnotes":""},"class_list":["post-16","page","type-page","status-publish","hentry"],"_links":{"self":[{"href":"https:\/\/amisdumuseeetfondsmedard.com\/index.php\/wp-json\/wp\/v2\/pages\/16","targetHints":{"allow":["GET"]}}],"collection":[{"href":"https:\/\/amisdumuseeetfondsmedard.com\/index.php\/wp-json\/wp\/v2\/pages"}],"about":[{"href":"https:\/\/amisdumuseeetfondsmedard.com\/index.php\/wp-json\/wp\/v2\/types\/page"}],"author":[{"embeddable":true,"href":"https:\/\/amisdumuseeetfondsmedard.com\/index.php\/wp-json\/wp\/v2\/users\/1"}],"replies":[{"embeddable":true,"href":"https:\/\/amisdumuseeetfondsmedard.com\/index.php\/wp-json\/wp\/v2\/comments?post=16"}],"version-history":[{"count":11,"href":"https:\/\/amisdumuseeetfondsmedard.com\/index.php\/wp-json\/wp\/v2\/pages\/16\/revisions"}],"predecessor-version":[{"id":269,"href":"https:\/\/amisdumuseeetfondsmedard.com\/index.php\/wp-json\/wp\/v2\/pages\/16\/revisions\/269"}],"wp:attachment":[{"href":"https:\/\/amisdumuseeetfondsmedard.com\/index.php\/wp-json\/wp\/v2\/media?parent=16"}],"curies":[{"name":"wp","href":"https:\/\/api.w.org\/{rel}","templated":true}]}}