{"id":35,"date":"2017-06-27T11:21:58","date_gmt":"2017-06-27T09:21:58","guid":{"rendered":"http:\/\/amisdumuseeetfondsmedard.com\/?page_id=35"},"modified":"2025-05-07T20:37:38","modified_gmt":"2025-05-07T18:37:38","slug":"conferences","status":"publish","type":"page","link":"https:\/\/amisdumuseeetfondsmedard.com\/index.php\/conferences\/","title":{"rendered":"Conf\u00e9rences"},"content":{"rendered":"<h2 class=\"p1\" style=\"text-align: justify;\">Les conf\u00e9rences sont des \u00e9v\u00e9nements qui ont pour objet de faciliter la compr\u00e9hension des sujets trait\u00e9s par l&rsquo;association des Amis du Mus\u00e9e et du Fonds M\u00e9dard.<\/h2>\n<p class=\"p1\" style=\"text-align: justify;\">Souvent organis\u00e9es en partenariat avec le Mus\u00e9e M\u00e9dard, elles sont agr\u00e9ment\u00e9es de nombreuses projections de photos et de t\u00e9moignages pour rendre accessible \u00e0 tous, l&rsquo;univers de la reliure.<\/p>\n<p><span style=\"font-size: 13.0pt; font-family: 'Arial',sans-serif;\">Les conf\u00e9rences sont organis\u00e9es dans l&rsquo;enceinte du mus\u00e9e M\u00e9dard sur <strong><span style=\"font-family: 'Arial',sans-serif;\">r\u00e9servation obligatoire<\/span><\/strong> le nombre de place \u00e9tant limit\u00e9 : 04 67 87 83 95\u00a0\u00a0 <a href=\"mailto:museemedard@ville-lunel.fr\">museemedard@ville-lunel.fr<\/a><\/span><\/p>\n<h3>Conf\u00e9rences 2025 :<\/h3>\n<p><strong>\u25b6\ufe0f\u00a0<em>Le\u00a0<\/em><\/strong><strong>mercredi 21 mai \u00e0 18h<\/strong><em>\u00a0\u00e0 la<\/em><strong><em>\u00a0salle conf\u00e9rence du mus\u00e9e\u00a0<\/em><\/strong><em>(3eme \u00e9tage)<\/em><strong><em>, Conf\u00e9rence\u00a0<\/em><\/strong><em>du Pr\u00e9sident du Jury<\/em><em> de notre Prix International de Reliure,<\/em><strong><em>\u00a0Robert Lobet :\u00a0<\/em><\/strong><strong><em> \u00ab Le Livre d\u2019artiste au bout du voyage \u00bb<\/em><\/strong><\/p>\n<p><em>Entr\u00e9e gratuite sur r\u00e9servation obligatoire aupr\u00e8s du mus\u00e9e 04 67 87 84 85 aux heures d\u2019ouverture (ferm\u00e9 le dimanche, lundi et mardi)<\/em><\/p>\n<h3>Retour sur les conf\u00e9rences propos\u00e9es<\/h3>\n\n\n<p>\u00a4 L&rsquo;ExLibris par JB Orsini et MC Rosello<br>\u00a4 Les Oiseaux de Buffon et l&rsquo;exemplaire de Lunel par JB Orsini et MC Rosello<br>\u00a4 Le Livre grec de 1453 \u00e0 1821 par JB Orsini et MC Rosello<br>\u00a4 \u00ab\u00a0Santorin et l&rsquo;Atlantide\u00a0\u00bb par Alain Cuny<br>\u00a4 Le \u00ab\u00a0Tableau des Singeries\u00a0\u00bb du mus\u00e9e M\u00e9dard par Jean Pallares te Didier Boisson<br>\u00a4 \u00ab\u00a0De l&rsquo;atelier de Simier au mus\u00e9e M\u00e9dard\u00a0\u00bb par Elizabeth Baron-Lenormand<\/p>\n\n\n\n\n","protected":false},"excerpt":{"rendered":"<p>Les conf\u00e9rences sont des \u00e9v\u00e9nements qui ont pour objet de faciliter la compr\u00e9hension des sujets trait\u00e9s par l&rsquo;association des Amis du Mus\u00e9e et du Fonds M\u00e9dard. Souvent organis\u00e9es en partenariat avec le Mus\u00e9e M\u00e9dard, elles sont agr\u00e9ment\u00e9es de nombreuses projections de photos et de t\u00e9moignages pour rendre accessible \u00e0 tous, l&rsquo;univers de la reliure. Les [&hellip;]<\/p>\n","protected":false},"author":1,"featured_media":84,"parent":0,"menu_order":0,"comment_status":"closed","ping_status":"closed","template":"","meta":{"footnotes":""},"class_list":["post-35","page","type-page","status-publish","has-post-thumbnail","hentry"],"_links":{"self":[{"href":"https:\/\/amisdumuseeetfondsmedard.com\/index.php\/wp-json\/wp\/v2\/pages\/35","targetHints":{"allow":["GET"]}}],"collection":[{"href":"https:\/\/amisdumuseeetfondsmedard.com\/index.php\/wp-json\/wp\/v2\/pages"}],"about":[{"href":"https:\/\/amisdumuseeetfondsmedard.com\/index.php\/wp-json\/wp\/v2\/types\/page"}],"author":[{"embeddable":true,"href":"https:\/\/amisdumuseeetfondsmedard.com\/index.php\/wp-json\/wp\/v2\/users\/1"}],"replies":[{"embeddable":true,"href":"https:\/\/amisdumuseeetfondsmedard.com\/index.php\/wp-json\/wp\/v2\/comments?post=35"}],"version-history":[{"count":9,"href":"https:\/\/amisdumuseeetfondsmedard.com\/index.php\/wp-json\/wp\/v2\/pages\/35\/revisions"}],"predecessor-version":[{"id":1173,"href":"https:\/\/amisdumuseeetfondsmedard.com\/index.php\/wp-json\/wp\/v2\/pages\/35\/revisions\/1173"}],"wp:featuredmedia":[{"embeddable":true,"href":"https:\/\/amisdumuseeetfondsmedard.com\/index.php\/wp-json\/wp\/v2\/media\/84"}],"wp:attachment":[{"href":"https:\/\/amisdumuseeetfondsmedard.com\/index.php\/wp-json\/wp\/v2\/media?parent=35"}],"curies":[{"name":"wp","href":"https:\/\/api.w.org\/{rel}","templated":true}]}}