{"id":37,"date":"2017-06-27T11:22:08","date_gmt":"2017-06-27T09:22:08","guid":{"rendered":"http:\/\/amisdumuseeetfondsmedard.com\/?page_id=37"},"modified":"2025-04-29T21:36:06","modified_gmt":"2025-04-29T19:36:06","slug":"visites","status":"publish","type":"page","link":"https:\/\/amisdumuseeetfondsmedard.com\/index.php\/visites\/","title":{"rendered":"Visites"},"content":{"rendered":"<p>L&rsquo;association offre \u00e0 ses adh\u00e9rents 2 visites guid\u00e9es priv\u00e9es pour les expositions annuelles du mus\u00e9e M\u00e9dard, une en semaine et une le samedi. Maximum 15 personnes &#8211; Inscription obligatoire aupr\u00e8s de la pr\u00e9sidente (mcy.rosello@wanadoo.fr ou 06 67 07 92 38)<\/p>\n<p><em><strong>Programme des sorties et activit\u00e9s 2025 :\u00a0<\/strong><\/em><\/p>\n<p>\ud83e\udeb7 <em>Exposition<\/em> <strong>\u00ab Le Langage des Fleurs \u00bb du 4 avril au 21 septembre 2025 au Mus\u00e9e M\u00e9dard<\/strong><\/p>\n<p><strong>\ud83e\udeb7 \u00ab MONET s\u2019invite \u00e0 Lunel \u00bb <\/strong><em>avec le tableau<\/em><strong> \u00ab Le jardin de l\u2019artiste \u00e0 Giverny \u00bb<\/strong>\u00a0<strong>du 4 avril au 12 juillet 2025<\/strong><\/p>\n<p><strong>\ud83e\udeb7 <\/strong><em>Exposition de notre association <\/em><strong><em>\u00ab\u00a0Reliures enchant\u00e9es : l&rsquo;imaginaire v\u00e9g\u00e9tal\u00a0\u00bb du 14 mai au 21 septembre 2025<\/em><\/strong><\/p>\n<p><strong><em>6eme Prix international de Reliure d\u2019Art des Amis du mus\u00e9e et du fonds M\u00e9dard\u00a0\u00a0<\/em><\/strong><\/p>\n<p><strong>\u25b6\ufe0f<em> Le <\/em><\/strong><span style=\"color: #800000;\"><strong>mercredi 14 mai \u00e0 19h<\/strong><\/span><strong>,<\/strong><em> vernissage de l&rsquo;exposition de notre association <\/em><strong><em>\u00ab\u00a0Reliures enchant\u00e9es : l&rsquo;imaginaire v\u00e9g\u00e9tal\u00a0\u00bb <\/em><\/strong><em>au rez de chauss\u00e9e du<\/em><strong><em> Mus\u00e9e M\u00e9dard. <\/em><\/strong><\/p>\n<p><strong><em>Cette exposition repr\u00e9sente plus d&rsquo;une ann\u00e9e de travail et nous fait connaitre aupr\u00e8s d&rsquo;un large public en France et \u00e0 l&rsquo;\u00e9tranger.<\/em><\/strong><\/p>\n<p><strong>\u25b6\ufe0f <em>Le <\/em><\/strong><span style=\"color: #800000;\"><strong>jeudi 22 mai \u00e0 18h<\/strong><\/span><em> \u00e0 la<\/em><strong><em> salle conf\u00e9rence du mus\u00e9e <\/em><\/strong><em>(3eme \u00e9tage)<\/em><strong><em>, Conf\u00e9rence <\/em><\/strong><em>du Pr\u00e9sident du Jury<\/em><em> de notre Prix,<\/em><strong><em> Robert Lobet : <\/em><\/strong><strong><em>\u00a0\u00bb <span style=\"color: #800000;\">Le Livre d&rsquo;artiste au bout du voyage<\/span>\u00a0\u00bb <\/em><\/strong><\/p>\n<p><em>Entr\u00e9e gratuite sur r\u00e9servation obligatoire aupr\u00e8s du mus\u00e9e 04 67 87 84 85 aux heures d&rsquo;ouverture (ferm\u00e9 le dimanche, lundi et mardi)<\/em><\/p>\n<p><strong>\u25b6\ufe0f<em>\u00a0Le <\/em><\/strong><span style=\"color: #800000;\"><strong>mercredi 2 juillet \u00e0 10h30<\/strong><\/span><strong><em> visite guid\u00e9e priv\u00e9e des 2 expositions pour notre association : <\/em><\/strong><strong><em>\u00a0 \u00a0 \u00a0 \u00a0 \u00a0 \u00a0 \u00a0<span style=\"color: #800000;\">\u00ab\u00a0Le Langage des fleurs\u00a0\u00bb et \u00ab\u00a0Reliures enchant\u00e9es : l&rsquo;imaginaire v\u00e9g\u00e9tal\u00a0\u00bb<\/span><\/em><\/strong><\/p>\n<p><strong>\u25b6\ufe0f <em>Les <\/em><\/strong><span style=\"color: #800000;\"><strong>31 mai &#8211; 14 juin &#8211; 28 juin &#8211; 5 juillet &#8211; 12 juillet\u00a0 \u00e0 16h<\/strong><\/span><strong>\u00a0<em>\u00a0\u00a0<\/em><\/strong><strong><em>\u27a1<\/em><\/strong><strong><em>\u00a0\u00a0 visites \u00ab\u00a0flash\u00a0\u00bb <\/em><\/strong><em>(entre 20 et 30 mn pour chaque expo) ouvertes \u00e0 tous.\u00a0<\/em><em>RDV dans le hall du mus\u00e9e 1\/4 d&rsquo;heure avant le d\u00e9but de la visite.<\/em><\/p>\n<p><strong>\u25b6\ufe0f <em>Le <\/em><\/strong><span style=\"color: #800000;\"><strong>dimanche 7 septembre 2025<\/strong><\/span><strong><em> Journ\u00e9e des Associations <\/em><\/strong><em>dans le Parc Hugo de 9h \u00e0 14h. Nous esp\u00e9rons vous y retrouver nombreux autour de ce th\u00e8me des fleurs, <\/em><em>jardins et de la nature.<\/em><\/p>\n<p><strong>\u25b6\ufe0f<\/strong><em> En<\/em><span style=\"color: #800000;\"><strong> septembre <\/strong><\/span><em>nous reprendrons les<\/em><strong><em> visites guid\u00e9es des expositions <\/em><\/strong><em>concernant les mus\u00e9es notamment sur N\u00eemes<\/em><strong><em> \u00ab\u00a0Lucas Arruda et Ivens Machado\u00a0\u00bb au Carr\u00e9 d&rsquo;Art <\/em><\/strong><em>et sur<\/em><strong><em> Arles \u00e0 la Fondation Van Gogh \u00a0\u00bb Sigmar Polke, sous les pav\u00e9s, la terre\u00a0\u00bb<\/em><\/strong><\/p>\n<p>______________________________________________________________________________________________________________<\/p>\n<p><em><strong>Programme des sorties et activit\u00e9s 2024 :\u00a0<\/strong><\/em><\/p>\n<ul>\n<li><strong>Samedi 6 avril : <\/strong><span style=\"color: #0000ff;\"><a style=\"color: #0000ff;\" href=\"https:\/\/amisdumuseeetfondsmedard.com\/index.php\/2024\/03\/26\/samedi-6-avril-2024-visite-guidee-de-latelier-dalex-hackett\/\" target=\"_blank\" rel=\"noopener\">visite de l&rsquo;atelier d&rsquo;<strong>Alex Hackett<\/strong> \u00e0 Castries<\/a>.<\/span><\/li>\n<li><strong>Samedi 27 Avril : <\/strong>sortie \u00e0 <strong>Arles<\/strong> avec la <strong>visite du mus\u00e9e Arlaten<\/strong> ; <strong>visite comment\u00e9e de l&rsquo;exposition de l&rsquo;association Reneiss\u00e8n\u00e7o<\/strong> \u00e0 la chapelle Saint Anne et si possible de l\u2019atelier de couture du costume Arl\u00e9sien de la reine d\u2019Arles 2023\/2024. D\u00e9jeuner libre.<\/li>\n<li>En <strong>Mai<\/strong> <strong>visite guid\u00e9e de Glanum<\/strong>, site Romain \u00e0 <strong>Saint R\u00e9my de Provence<\/strong> et d\u2019un <strong>circuit<\/strong> organis\u00e9 par <strong>M. Chalen\u00e7on<\/strong>, guide b\u00e9n\u00e9vole qui nous avait fait d\u00e9couvrir en 2022, l\u2019histoire de cette ville.<\/li>\n<li>Dimanche 8 septembre : <strong>journ\u00e9e des associations de Lunel<\/strong><\/li>\n<li>En <strong>septembre et octobre<\/strong> nous organiserons un <strong>p\u00e9riple sur les traces de Jean Hugo<\/strong>, avec les expositions suivantes\u00a0:\n<ul>\n<li>Jeudi 19 septembre \u00e0 15h<strong> : Mus\u00e9e Fabre de Montpellier \u00ab Les Mondes de Jean Hugo<\/strong>\u00a0\u00bb<\/li>\n<li>Jeudi 26 septembre \u00e0 14h : <strong>visite guid\u00e9e de l&rsquo;exposition du Mus\u00e9e M\u00e9dard \u00ab\u00a0JEAN HUGO, LE REGARD MAGIQUE. SA VIE \u00c0 LUNEL DE 1920 \u00c0 1984\u00a0\u00bb<\/strong> pour les membres de l&rsquo;association<\/li>\n<li>jeudi 3 octobre \u00e0 14h30(\u00e0 confirmer par le mus\u00e9e)<strong> : Mus\u00e9e Paul Val\u00e9ry de S\u00e8te \u00ab La nature selon Jean Hugo<\/strong>\u00a0\u00bb<\/li>\n<\/ul>\n<\/li>\n<li><strong>Second semestre : <\/strong>\n<ul>\n<li><strong>Atelier de calligraphie<\/strong> \u00e0 destination des adh\u00e9rents par Sylvie MARC qui a par ailleurs d\u00e9j\u00e0 particip\u00e9 \u00e0 un prix de reliure il y a quelques ann\u00e9es.<\/li>\n<li>Programmation d&rsquo;un <strong>film sur l\u2019histoire du ruban d&rsquo;Arl\u00e9sienne<\/strong> et d&rsquo;une <strong>conf\u00e9rence<\/strong> dans le mus\u00e9e M\u00e9dard.<\/li>\n<\/ul>\n<\/li>\n<\/ul>\n<p><em>La programmation est en cours et sera communiqu\u00e9e au fur et \u00e0 mesure \u00e0 l&rsquo;ensemble des adh\u00e9rents<\/em><\/p>\n<p><em>Inscription obligatoire aupr\u00e8s de la pr\u00e9sidente (mcy.rosello@wanadoo.fr ou 06 67 07 92 38)<\/em><\/p>\n<p><em>Important : Votre inscription vous engage \u00e0 participer pour le bon d\u00e9roulement de l&rsquo;organisation<\/em><\/p>\n","protected":false},"excerpt":{"rendered":"<p>L&rsquo;association offre \u00e0 ses adh\u00e9rents 2 visites guid\u00e9es priv\u00e9es pour les expositions annuelles du mus\u00e9e M\u00e9dard, une en semaine et une le samedi. Maximum 15 personnes &#8211; Inscription obligatoire aupr\u00e8s de la pr\u00e9sidente (mcy.rosello@wanadoo.fr ou 06 67 07 92 38) Programme des sorties et activit\u00e9s 2025 :\u00a0 \ud83e\udeb7 Exposition \u00ab Le Langage des Fleurs \u00bb [&hellip;]<\/p>\n","protected":false},"author":1,"featured_media":0,"parent":0,"menu_order":0,"comment_status":"closed","ping_status":"closed","template":"","meta":{"footnotes":""},"class_list":["post-37","page","type-page","status-publish","hentry"],"_links":{"self":[{"href":"https:\/\/amisdumuseeetfondsmedard.com\/index.php\/wp-json\/wp\/v2\/pages\/37","targetHints":{"allow":["GET"]}}],"collection":[{"href":"https:\/\/amisdumuseeetfondsmedard.com\/index.php\/wp-json\/wp\/v2\/pages"}],"about":[{"href":"https:\/\/amisdumuseeetfondsmedard.com\/index.php\/wp-json\/wp\/v2\/types\/page"}],"author":[{"embeddable":true,"href":"https:\/\/amisdumuseeetfondsmedard.com\/index.php\/wp-json\/wp\/v2\/users\/1"}],"replies":[{"embeddable":true,"href":"https:\/\/amisdumuseeetfondsmedard.com\/index.php\/wp-json\/wp\/v2\/comments?post=37"}],"version-history":[{"count":20,"href":"https:\/\/amisdumuseeetfondsmedard.com\/index.php\/wp-json\/wp\/v2\/pages\/37\/revisions"}],"predecessor-version":[{"id":1159,"href":"https:\/\/amisdumuseeetfondsmedard.com\/index.php\/wp-json\/wp\/v2\/pages\/37\/revisions\/1159"}],"wp:attachment":[{"href":"https:\/\/amisdumuseeetfondsmedard.com\/index.php\/wp-json\/wp\/v2\/media?parent=37"}],"curies":[{"name":"wp","href":"https:\/\/api.w.org\/{rel}","templated":true}]}}